{"id":44,"date":"2015-07-20T12:28:16","date_gmt":"2015-07-20T12:28:16","guid":{"rendered":"http:\/\/kanons.local\/?page_id=2"},"modified":"2022-06-13T11:45:17","modified_gmt":"2022-06-13T09:45:17","slug":"list","status":"publish","type":"page","link":"https:\/\/kulturaskanons.lv\/en\/list\/","title":{"rendered":"List"},"content":{"rendered":"<p>The 14 folk-tradition treasures selected include not only ones rooted in ancient times, but also some associated with this day and age.<br \/>\n[parser]<br \/>\nArchitecture and design are represented in the canon by a diverse set of 18 different treasures from long ago to the present day. There are treasures and their creators that have gained wide awareness and general recognition, as well as lesser-known works and truly local treasures. Quality and the message were key criteria in this selection.<br \/>\n[parser]<br \/>\nIn the performing arts, 15 personalities and manifestations of art created by individuals \u2013 that have defined and are defining professional performing arts in Latvia \u2013 are highlighted.<br \/>\n[parser]<br \/>\nFor the visual arts, particular works created by 15 specific personalities have been selected. The experts were in full agreement that only artists who were no longer with us should be included.<br \/>\n[parser]<br \/>\nThe 14 literary treasures selected include those works that have shaped Latvian literature and continue to influence it, starting with <em>M\u0113rnieku laiki<\/em> (The Time of the Land Surveyors) by Reinis and Mat\u012bss Kaudz\u012btis and ending with Vizma Bel\u0161evica&#8217;s trilogy <em>Bille<\/em>. This body of treasures presents a synopsis of the Latvian language, culture and thinking.<br \/>\n[parser]<br \/>\nThe 12 musical treasures comprise both individually highlighted composers and compositions. Although interpreters of music are undeniably an important part of the music scene, it was deliberately decided not to list them here.<br \/>\n[parser]<br \/>\nThe 12 works selected in film mark important turning points in Latvian cinema, irrespective of their popularity. These films stand out for their outstanding artistic quality and fit perfectly into or even surpass global cinema trends. All the films included in Latvia\u2019s cultural canon can be watched online at the National Cinema Centre portal <em>Filmas.lv<\/em>.<br \/>\n[parser]<br \/>\nThe Landscape section is the latest addition to Latvia&#8217;s cultural canon and was added in 2021. The eight canonical landscapes represent Latvia&#8217;s beauty and diversity, created through the interaction of natural forces and people.<\/p>","protected":false},"excerpt":{"rendered":"<p>The 14 folk-tradition treasures selected include not only ones rooted in ancient times, but also some associated with this day and age. [parser] Architecture and design are represented in the canon by a diverse set of 18 different treasures from long ago to the present day. There are treasures and their creators that have gained [&hellip;]<\/p>\n","protected":false},"author":1,"featured_media":0,"parent":0,"menu_order":0,"comment_status":"open","ping_status":"closed","template":"big-menu.php","meta":[],"_links":{"self":[{"href":"https:\/\/kulturaskanons.lv\/en\/wp-json\/wp\/v2\/pages\/44"}],"collection":[{"href":"https:\/\/kulturaskanons.lv\/en\/wp-json\/wp\/v2\/pages"}],"about":[{"href":"https:\/\/kulturaskanons.lv\/en\/wp-json\/wp\/v2\/types\/page"}],"author":[{"embeddable":true,"href":"https:\/\/kulturaskanons.lv\/en\/wp-json\/wp\/v2\/users\/1"}],"replies":[{"embeddable":true,"href":"https:\/\/kulturaskanons.lv\/en\/wp-json\/wp\/v2\/comments?post=44"}],"version-history":[{"count":21,"href":"https:\/\/kulturaskanons.lv\/en\/wp-json\/wp\/v2\/pages\/44\/revisions"}],"predecessor-version":[{"id":5077,"href":"https:\/\/kulturaskanons.lv\/en\/wp-json\/wp\/v2\/pages\/44\/revisions\/5077"}],"wp:attachment":[{"href":"https:\/\/kulturaskanons.lv\/en\/wp-json\/wp\/v2\/media?parent=44"}],"curies":[{"name":"wp","href":"https:\/\/api.w.org\/{rel}","templated":true}]}}