{"id":3237,"date":"2018-04-03T09:52:59","date_gmt":"2018-04-03T07:52:59","guid":{"rendered":"https:\/\/kulturaskanons.lv\/?page_id=3237"},"modified":"2025-12-11T10:54:54","modified_gmt":"2025-12-11T08:54:54","slug":"metodiskie-materiali","status":"publish","type":"page","link":"https:\/\/kulturaskanons.lv\/en\/metodiskie-materiali\/","title":{"rendered":"Methodological materials"},"content":{"rendered":"<p>The Latvian Culture Canon is a great resource for use in both formal and informal education. It is one of the mainstays and sources of inspiration for promoting civic education and civic participation, as well as for increasing the community&#8217;s sense of pride, especially that of young people, about Latvia.<\/p>\n<p>In 2014, as part of the project &#8220;Integrated acquisition of the Latvian Language and Latvian Culture Canon by Representatives of National Minorities and Non-Citizens &#8216;Let&#8217;s be Acquainted: the Latvian Culture Canon'&#8221; (<em>Latvie\u0161u valodas un Latvijas Kult\u016bras kanona integr\u0113ta apguve maz\u0101kumtaut\u012bbu p\u0101rst\u0101vjiem un nepilso\u0146iem &#8220;B\u016bsim paz\u012bstami: Latvijas Kult\u016bras kanons&#8221;<\/em>), Daugavpils University lecturers Maija Burima PhD and Inese Valtere \u2013 who have experience in intercultural, migration and diaspora issues and in adult education of the Latvian language and culture \u2013 developed and approved the original programme, worksheets and methodological recommendations for the integrated acquisition of the Latvian Culture Canon and the Latvian language. The &#8220;Methodological recommendations for integration projects promoting the Latvian Culture Canon&#8221; are intended for project implementers addressing the relevance of the Latvian Culture Canon with a particular focus on the integrated acquisition of the Latvian language and the Latvian Culture Canon by representatives of minorities, non-citizens, members of the Latvian diaspora, and third-country nationals.<\/p>\n<p>The methodical recommendations provide basic information about the mission of the Latvian Culture Canon and present descriptions of twelve activities and forms of working.<\/p>\n<p>The materials can be used for training different age groups, in formal and informal education, in order to create and expand knowledge about the treasures in the Culture Canon. The activities included in the methodological material should be implemented with the same approach as in the integrated acquisition of the Latvian language and content of the Culture Canon.<\/p>\n<blockquote><p><a href=\"https:\/\/kulturaskanons.lv\/wp-content\/uploads\/2018\/04\/Metodiskais_materials_kanons.pdf\">Canon Methodological Materials (PDF, in Latvian)<\/a><br \/>\n<a href=\"https:\/\/kulturaskanons.lv\/wp-content\/uploads\/2018\/04\/Programma_Kulturas_kanons_2014.pdf\">Culture Canon Programme 2014 (PDF, in Latvian)<\/a><br \/>\n<a href=\"https:\/\/kulturaskanons.lv\/wp-content\/uploads\/2018\/04\/Nodarbiba_KK_Jugendstils.pdf\">Culture Canon Activity \u2212 Issue No. 3 (PDF, in Latvian)<\/a><br \/>\n<a href=\"https:\/\/kulturaskanons.lv\/wp-content\/uploads\/2018\/04\/Nodarbiba_KK_maize.pdf\">Culture Canon Activity \u2212 Issue No. 4 (PDF, in Latvian)<\/a><\/p><\/blockquote>\n<p>Under Latvia&#8217;s Centenary programme, the National Centre for Education and the <em>Vitae<\/em> Institute for Lifelong Learning and Culture prepared a collection of documents for educators:<\/p>\n<blockquote><p><a href=\"https:\/\/kulturaskanons.lv\/wp-content\/uploads\/2018\/04\/atbalsta_materiali_pilsoniskas_audzinasanas_un_pilsoniskas_lidzdalibas_sekmesanai_2018.pdf\">&#8220;Supporting Materials for Promoting Civic Education and Civic Participation&#8221; (<em>Atbalsta materi\u0101li pilsonisk\u0101s audzin\u0101\u0161anas un pilsonisk\u0101s l\u012bdzdal\u012bbas sekm\u0113\u0161anai<\/em>) (R\u012bga, 2018) (PDF, in Latvian)<\/a><\/p><\/blockquote>\n<p>Coloring pages for creative activities<\/p>\n<blockquote><p><a href=\"https:\/\/kulturaskanons.lv\/wp-content\/uploads\/2017\/08\/krasojamas_lp_kas_ir_kulturas_kanons.pdf\">Coloring pages &#8220;What is a Culture Canon?&#8221; (PDF)<\/a><br \/>\n<a href=\"https:\/\/kulturaskanons.lv\/wp-content\/uploads\/2017\/08\/krasojamas_lp_iepazisti_kk_personibas_ar_usam.pdf\">Coloring pages &#8220;Get to Know Culture Canon Personalities with Mustache&#8221; (PDF)<\/a><br \/>\n<a href=\"https:\/\/kulturaskanons.lv\/wp-content\/uploads\/2024\/04\/Izkraso_ar_Dziesmu_svetkiem_saistitas_vertibas_A3_2023.pdf\" target=\"_blank\" rel=\"noopener\">Paint the Treasures Related to the Song Celebration \/ A3 for print (PDF)<\/a><br \/>\n<a href=\"https:\/\/kulturaskanons.lv\/wp-content\/uploads\/2024\/04\/Izkraso_ar_Dziesmu_svetkiem_saistitas_vertibas_A4_2023.pdf\" target=\"_blank\" rel=\"noopener\">Paint the Treasures Related to the Song Celebration \/ A4 for print (PDF)<\/a><\/p><\/blockquote>\n<p><\/p>","protected":false},"excerpt":{"rendered":"<p>The Latvian Culture Canon is a great resource for use in both formal and informal education. It is one of the mainstays and sources of inspiration for promoting civic education and civic participation, as well as for increasing the community&#8217;s sense of pride, especially that of young people, about Latvia. In 2014, as part of [&hellip;]<\/p>\n","protected":false},"author":1,"featured_media":0,"parent":0,"menu_order":0,"comment_status":"open","ping_status":"closed","template":"default-page.php","meta":[],"_links":{"self":[{"href":"https:\/\/kulturaskanons.lv\/en\/wp-json\/wp\/v2\/pages\/3237"}],"collection":[{"href":"https:\/\/kulturaskanons.lv\/en\/wp-json\/wp\/v2\/pages"}],"about":[{"href":"https:\/\/kulturaskanons.lv\/en\/wp-json\/wp\/v2\/types\/page"}],"author":[{"embeddable":true,"href":"https:\/\/kulturaskanons.lv\/en\/wp-json\/wp\/v2\/users\/1"}],"replies":[{"embeddable":true,"href":"https:\/\/kulturaskanons.lv\/en\/wp-json\/wp\/v2\/comments?post=3237"}],"version-history":[{"count":71,"href":"https:\/\/kulturaskanons.lv\/en\/wp-json\/wp\/v2\/pages\/3237\/revisions"}],"predecessor-version":[{"id":5911,"href":"https:\/\/kulturaskanons.lv\/en\/wp-json\/wp\/v2\/pages\/3237\/revisions\/5911"}],"wp:attachment":[{"href":"https:\/\/kulturaskanons.lv\/en\/wp-json\/wp\/v2\/media?parent=3237"}],"curies":[{"name":"wp","href":"https:\/\/api.w.org\/{rel}","templated":true}]}}