{"id":2223,"date":"2017-08-28T10:09:59","date_gmt":"2017-08-28T10:09:59","guid":{"rendered":"http:\/\/kulturaskanons.lv\/?page_id=2223"},"modified":"2024-09-11T12:57:30","modified_gmt":"2024-09-11T10:57:30","slug":"orientesanas-spele-gaismas-pili","status":"publish","type":"page","link":"https:\/\/kulturaskanons.lv\/en\/orientesanas-spele-gaismas-pili\/","title":{"rendered":"Treasure Hunt Game at Castle of Light"},"content":{"rendered":"<p><a href=\"https:\/\/kulturaskanons.lv\/wp-content\/uploads\/2018\/08\/orientesanas_spele_gaismas_pili_2018.jpg\"><img loading=\"lazy\" class=\" size-medium wp-image-3395 alignright\" src=\"https:\/\/kulturaskanons.lv\/wp-content\/uploads\/2018\/08\/orientesanas_spele_gaismas_pili_2018-300x158.jpg\" alt=\"orientesanas_spele_gaismas_pili_2018\" width=\"300\" height=\"158\" srcset=\"https:\/\/kulturaskanons.lv\/wp-content\/uploads\/2018\/08\/orientesanas_spele_gaismas_pili_2018-300x158.jpg 300w, https:\/\/kulturaskanons.lv\/wp-content\/uploads\/2018\/08\/orientesanas_spele_gaismas_pili_2018.jpg 1000w\" sizes=\"(max-width: 300px) 100vw, 300px\" \/><\/a><a href=\"https:\/\/www.lnb.lv\/en\" target=\"_blank\" rel=\"noopener\">The National Library of Latvia<\/a> (NLL) \u2212 Castle of Light (<em>Gaismas pils<\/em>) has been inviting visitors to play the &#8220;Treasure Hunt Game at Castle of Light&#8221; (<em>Orient\u0113\u0161an\u0101s sp\u0113le Gaismas pil\u012b<\/em>), in tandem learning about the Latvian Culture Canon. To begin playing, go to the NLL Welcome Desk on Level 1 to receive a game card with your task \u2013 go on an individual tour of NLL and find the treasures included in the Latvian Culture Canon, which can be found in different formats and locations at the NLL. Game is offered in Latvian only.<\/p>\n<p>We look forward to welcoming you to the National Library of Latvia!<\/p>\n<p><a href=\"https:\/\/kulturaskanons.lv\/wp-content\/uploads\/2017\/08\/KK_LNB_01-09-20.jpg\"><img loading=\"lazy\" class=\"alignnone size-medium wp-image-3451\" src=\"https:\/\/kulturaskanons.lv\/wp-content\/uploads\/2017\/08\/KK_LNB_01-09-20-300x200.jpg\" alt=\"KK_LNB_01-09-20\" width=\"300\" height=\"200\" srcset=\"https:\/\/kulturaskanons.lv\/wp-content\/uploads\/2017\/08\/KK_LNB_01-09-20-300x200.jpg 300w, https:\/\/kulturaskanons.lv\/wp-content\/uploads\/2017\/08\/KK_LNB_01-09-20-1024x683.jpg 1024w\" sizes=\"(max-width: 300px) 100vw, 300px\" \/> <\/a><a href=\"https:\/\/kulturaskanons.lv\/wp-content\/uploads\/2017\/08\/KK_LNB_01-09-6.jpg\"><img loading=\"lazy\" class=\"alignnone size-medium wp-image-3454\" src=\"https:\/\/kulturaskanons.lv\/wp-content\/uploads\/2017\/08\/KK_LNB_01-09-6-300x200.jpg\" alt=\"KK_LNB_01-09-6\" width=\"300\" height=\"200\" srcset=\"https:\/\/kulturaskanons.lv\/wp-content\/uploads\/2017\/08\/KK_LNB_01-09-6-300x200.jpg 300w, https:\/\/kulturaskanons.lv\/wp-content\/uploads\/2017\/08\/KK_LNB_01-09-6-1024x683.jpg 1024w\" sizes=\"(max-width: 300px) 100vw, 300px\" \/><\/a><a href=\"https:\/\/kulturaskanons.lv\/wp-content\/uploads\/2017\/08\/KK_LNB_01-09-9.jpg\"> <img loading=\"lazy\" class=\"alignnone size-medium wp-image-3453\" src=\"https:\/\/kulturaskanons.lv\/wp-content\/uploads\/2017\/08\/KK_LNB_01-09-9-300x200.jpg\" alt=\"KK_LNB_01-09-9\" width=\"300\" height=\"200\" srcset=\"https:\/\/kulturaskanons.lv\/wp-content\/uploads\/2017\/08\/KK_LNB_01-09-9-300x200.jpg 300w, https:\/\/kulturaskanons.lv\/wp-content\/uploads\/2017\/08\/KK_LNB_01-09-9-1024x683.jpg 1024w\" sizes=\"(max-width: 300px) 100vw, 300px\" \/><\/a><\/p>","protected":false},"excerpt":{"rendered":"<p>The National Library of Latvia (NLL) \u2212 Castle of Light (Gaismas pils) has been inviting visitors to play the &#8220;Treasure Hunt Game at Castle of Light&#8221; (Orient\u0113\u0161an\u0101s sp\u0113le Gaismas pil\u012b), in tandem learning about the Latvian Culture Canon. To begin playing, go to the NLL Welcome Desk on Level 1 to receive a game card [&hellip;]<\/p>\n","protected":false},"author":1,"featured_media":0,"parent":0,"menu_order":0,"comment_status":"open","ping_status":"open","template":"default-page.php","meta":[],"_links":{"self":[{"href":"https:\/\/kulturaskanons.lv\/en\/wp-json\/wp\/v2\/pages\/2223"}],"collection":[{"href":"https:\/\/kulturaskanons.lv\/en\/wp-json\/wp\/v2\/pages"}],"about":[{"href":"https:\/\/kulturaskanons.lv\/en\/wp-json\/wp\/v2\/types\/page"}],"author":[{"embeddable":true,"href":"https:\/\/kulturaskanons.lv\/en\/wp-json\/wp\/v2\/users\/1"}],"replies":[{"embeddable":true,"href":"https:\/\/kulturaskanons.lv\/en\/wp-json\/wp\/v2\/comments?post=2223"}],"version-history":[{"count":42,"href":"https:\/\/kulturaskanons.lv\/en\/wp-json\/wp\/v2\/pages\/2223\/revisions"}],"predecessor-version":[{"id":5645,"href":"https:\/\/kulturaskanons.lv\/en\/wp-json\/wp\/v2\/pages\/2223\/revisions\/5645"}],"wp:attachment":[{"href":"https:\/\/kulturaskanons.lv\/en\/wp-json\/wp\/v2\/media?parent=2223"}],"curies":[{"name":"wp","href":"https:\/\/api.w.org\/{rel}","templated":true}]}}