{"id":1781,"date":"2017-06-09T08:03:48","date_gmt":"2017-06-09T08:03:48","guid":{"rendered":"http:\/\/kulturaskanons.lv\/?page_id=1781"},"modified":"2026-01-12T16:26:58","modified_gmt":"2026-01-12T14:26:58","slug":"kanona_pagatne","status":"publish","type":"page","link":"https:\/\/kulturaskanons.lv\/en\/kanona_pagatne\/","title":{"rendered":"Canon&#8217;s past and future"},"content":{"rendered":"<p>Latvia&#8217;s Cultural Canon came into being as the result of a considered decision and exchange of views. Initially, the concept was developed in 2007 by the then Minister for Culture Hel\u0113na Demakova, who urged the public and experts to think about and give in-depth consideration to the question of what the cornerstones of our culture are, how to name them, justify their status, and place them alongside each other. As a result, Latvia&#8217;s Cultural Canon took form in 2008, comprising 99 elements in seven cultural spheres.<\/p>\n<p>In 2021, the seven treasure sectors were complemented by a new one \u2013 Landscapes \u2013 which features eight of Latvia&#8217;s canonical landscapes, meticulously selected by a panel of experts.<br \/>\nBy continuing to respect, preserve and nurture these highlights \u2013 being heirs to this Canon \u2013 we are, by means of our own contribution, creating new knowledge and heritage today, increasing our own ability to see new Latvian cultural treasures in our everyday, in the people around us, in Latvia\u2019s most beautiful places, stories, past events and important cultural turning and reference points.<\/p>\n<p>The Canon is about us, the foundation of our cultural experience, our sense of belonging to Latvia, our sense of pride about our treasures. The Canon is a whole, flowing along with time and social trends, which we can replenish through our inheriting it. In the same way, the whole as which we view these treasures today flows and changes with time, influencing what we perceive and value in them.<\/p>\n<p>[plus <strong>Cultural Canon today<\/strong>]<\/p>\n<p>Since 2013, a number of creative workshops have been held in Latvia&#8217;s regions on the subject of the Cultural Canon <a href=\"https:\/\/kulturaskanons.lv\/en\/izglitibas-programma\/\">Educational programme<\/a>. <a href=\"https:\/\/kulturaskanons.lv\/en\/kulturas-kanona-konkurss\/\">The Cultural canon Competition<\/a>, run annually by the Latvian Academy of Culture, has also established itself as a tradition.<\/p>\n<p>The National Library of Latvia (NLL) took on the task of updating the Canon&#8217;s website in 2014, and since September 2017, the updated website has been available to a wide range of users. Many NLL staff members participated in the regeneration of the website, among them Liega Pie\u0161i\u0146a, J\u0101nis Freimanis, Zane Zajan\u010dkauska, Jur\u0123is \u012av\u0101ns, Anda Juta Z\u0101l\u012bte, Antra Indriksone, Indra Vi\u013cumsone, Stella Hermanovska, M\u0101rti\u0146\u0161 Mintaurs, Aina Krieva, M\u0101ra Daneberga, Ruta Almane-Palmbaha, Marina Mihaileca, L\u0101sma Timma, Marika Karlsone, Viktorija Surska, Aira Vilka and L\u0101sma Meldere-\u0160estakova. The project <em>Latvia&#8217;s Cultural Canon<\/em> has been led by Ineta Kivle (2014\u20132016) and Dagnija Balti\u0146a (2016\u20132020). Since 2020 the project is led by Maija Treile. The project is coordinated by Anita Smeltere. Dace D\u017eeri\u0146a, Artis Tauri\u0146\u0161, Lolita R\u016bsi\u0146a and Anda La\u0137e also made significant contributions to the project&#8217;s development. Many thanks to all those involved!<\/p>\n<p>In 2017, a special <a href=\"https:\/\/kulturaskanons.lv\/en\/orientesanas-spele-gaismas-pili\/\">Treasure Hunt Game<\/a> at the Castle of Light\u00a0(<em>Orient\u0113\u0161an\u0101s sp\u0113le Gaismas pil\u012b<\/em>) was developed at the National Library of Latvia, highlighting the Cultural Canon&#8217;s connection with the Library.<\/p>\n<p>In 2021, Latvia&#8217;s Cultural Canon website was updated with a Landscape section. Eight of Latvia\u2019s canonical landscapes were selected by a panel of experts: Dr. habil. (geography) and Corresponding Member of the Latvian Academy of Sciences (LAS) Aija Melluma, University of Latvia Professor and LAS Corresponding Member O\u013c\u0123erts Nicodems, and University of Latvia Associate Professor Anita Zari\u0146a, PhD (geography).<\/p>\n<p>The website is continuously updated with newly discovered material about each of the elements and is translated into English, and German. In cooperation with other Latvian cultural institutions associated with the Cultural Canon or one of its treasures, the website is being developed as a single information platform for all the news, events and processes related to Latvia\u2019s Cultural Canon and its individual treasures.<\/p>\n<p>[\/plus]<\/p>\n<p>[plus <strong>Creation of the Cultural Canon, 2007\u22122008<\/strong>]<\/p>\n<p>The goal for the creation of the Latvia&#8217;s Cultural Canon in 2007\u22122008 was to select the most outstanding cultural treasures characterising Latvian culture in different spheres of art \u2013 to select the most outstanding and most significant examples of works of art, processes, personalities or events in their field.<\/p>\n<p>Over 2007\u22122008, a number of specially formed expert groups worked on the creation of the Latvia&#8217;s Cultural Canon; a conference &#8220;Latvia&#8217;s Cultural Canon \u2013 Cornerstone of a United Society&#8221; (<em>Latvijas Kult\u016bras kanons \u2013 salied\u0113tas sabiedr\u012bbas st\u016brakmens<\/em>) was held as part of the &#8220;Seven Sisters&#8221; (<em>Septi\u0146as m\u0101sas<\/em>) conference series, and in 2008\u22122009, the Latvian Academy of Culture conducted a study on the attitudes of Latvian schoolchildren and students to the treasures of Latvian culture in terms of both knowledge and value.<\/p>\n<p>As a result, the Latvia&#8217;s Cultural Canon was created, consisting of 99 features covering seven spheres \u2013 literature, film, music, architecture and design, the performing arts, visual arts and folk traditions.<\/p>\n<p>For film, the expert working group was: Valent\u012bna Freimane, film critic Dita Rietuma, philosopher Uldis T\u012brons, film director J\u0101nis Putnins, film writer Krist\u012bne Mat\u012bsa.<\/p>\n<p>For architecture and design, the expert working group was: R\u012bga City architects J\u0101nis Dripe, J\u0101nis Lejnieks and Ieva Z\u012bb\u0101rte, Inese P\u0113tersone, head of the Ceramics Design programme at the R\u012bga School of Design and Art; Ilze Martinsone, head of the Latvian Architectural Museum.<\/p>\n<p>For literature, the expert working group was: author and literary critic Guntis Berelis, literary scholar Raimonds Briedis, literary scholar and critic Gun\u0101rs B\u012bbers, author Nora Ikstena, publisher and editor Reinis Tuki\u0161s.<\/p>\n<p>For music, the expert working group was: Radio 3 Latvia Director Gunda Vaivode, musicologist Mikus \u010ce\u017ee, composers Juris Karlsons and Roland Kronlaks, editor-in-chief of the <em>M\u016bzikas Saule<\/em> magazine Orests Silabriedis.<\/p>\n<p>For the performing arts, the expert working group was: the director of the Latvian Academy of Culture Theatre Museum J\u0101nis Sili\u0146\u0161, theatre scholars and critics Silvija Radzobe, Lilija Dzene, Guna Zelti\u0146a and L\u012bga Ulberte, ballet artist and choreographer Gunta B\u0101li\u0146a.<\/p>\n<p>For the visual arts, the expert working group was: director of the Latvian National Museum of Art M\u0101ra L\u0101ce, professor of the Art Academy of Latvia, art scholar Eduards K\u013cavi\u0146\u0161, director of the Rund\u0101le Palace Museum Imants Lancmanis, art historians Laima Slava and Kristi\u0101na \u0100bele.<\/p>\n<p>For folk traditions, the expert working group was: head of the Archives of Latvian Folklore, folklore researcher Dace Bula, academician of the Latvian Academy of Sciences, professor of Folklore at the University of Latvia Jan\u012bna Kurs\u012bte; artistic director of the Latvian children&#8217;s and youth folklore movement, philosopher M\u0101ra Mell\u0113na, associate professor at the University of Latvia, ethnomusicologist Valdis Muktup\u0101vels, director of the Latvian National Centre for Culture, Signe Puj\u0101te.<\/p>\n<p>[\/plus]<\/p>","protected":false},"excerpt":{"rendered":"<p>Latvia&#8217;s Cultural Canon came into being as the result of a considered decision and exchange of views. Initially, the concept was developed in 2007 by the then Minister for Culture Hel\u0113na Demakova, who urged the public and experts to think about and give in-depth consideration to the question of what the cornerstones of our culture [&hellip;]<\/p>\n","protected":false},"author":1,"featured_media":0,"parent":0,"menu_order":0,"comment_status":"open","ping_status":"closed","template":"default-page.php","meta":[],"_links":{"self":[{"href":"https:\/\/kulturaskanons.lv\/en\/wp-json\/wp\/v2\/pages\/1781"}],"collection":[{"href":"https:\/\/kulturaskanons.lv\/en\/wp-json\/wp\/v2\/pages"}],"about":[{"href":"https:\/\/kulturaskanons.lv\/en\/wp-json\/wp\/v2\/types\/page"}],"author":[{"embeddable":true,"href":"https:\/\/kulturaskanons.lv\/en\/wp-json\/wp\/v2\/users\/1"}],"replies":[{"embeddable":true,"href":"https:\/\/kulturaskanons.lv\/en\/wp-json\/wp\/v2\/comments?post=1781"}],"version-history":[{"count":35,"href":"https:\/\/kulturaskanons.lv\/en\/wp-json\/wp\/v2\/pages\/1781\/revisions"}],"predecessor-version":[{"id":5945,"href":"https:\/\/kulturaskanons.lv\/en\/wp-json\/wp\/v2\/pages\/1781\/revisions\/5945"}],"wp:attachment":[{"href":"https:\/\/kulturaskanons.lv\/en\/wp-json\/wp\/v2\/media?parent=1781"}],"curies":[{"name":"wp","href":"https:\/\/api.w.org\/{rel}","templated":true}]}}