{"id":1779,"date":"2017-06-09T08:03:37","date_gmt":"2017-06-09T08:03:37","guid":{"rendered":"http:\/\/kulturaskanons.lv\/?page_id=1779"},"modified":"2022-12-20T16:11:04","modified_gmt":"2022-12-20T14:11:04","slug":"petijumi","status":"publish","type":"page","link":"https:\/\/kulturaskanons.lv\/en\/petijumi\/","title":{"rendered":"Research"},"content":{"rendered":"<p>The proposal for the creation of the Cultural Canon and, subsequently, its progress and implementation have been evaluated in a number of studies as well as in publications. These studies not only allow the history of the Canon&#8217;s development to be traced, but also provide knowledge and recommendations for the practical use of the Latvia&#8217;s Cultural Canon and its further development.<\/p>\n<p>On 6 December 2007, Latvia&#8217;s Ministry of Culture organised a conference &#8220;The Latvia&#8217;s Cultural Canon \u2013 Cornerstone of a United Society&#8221; (<em>Latvijas Kult\u016bras kanons \u2013 salied\u0113tas sabiedr\u012bbas st\u016brakmens<\/em>) as part of the &#8220;Seven Sisters&#8221; (<em>Septi\u0146as m\u0101sas<\/em>) conference series. This conference was the first public discussion on the creation concept, development proposals and framework for the Latvia&#8217;s Cultural Canon. The recommendations of the conference were taken into account during the creation process of the Latvia&#8217;s Cultural Canon in 2008.<\/p>\n<p>In 2009, the Department of Cultural Sociology and Management of the Latvian Academy of Culture (LAC) published the results of a study &#8220;Latvian Young People&#8217;s Notions of the Cultural Canon&#8221; (<em>Latvijas jaunie\u0161u priek\u0161stati par kult\u016bras kanonu<\/em>). Within the study, LAC lecturers and students collected both qualitative (using focus groups) and quantitative data (using questionnaires) between September 2008 and January 2009. In total, more than 750 young people were canvassed.<\/p>\n<p>In 2013, the <em>CultureLab<\/em> association and the LAC conducted an assessment study entitled &#8220;Methodological Criteria and Principles for the Development of the Latvia&#8217;s Cultural Canon&#8221; (<em>Latvijas kult\u016bras kanona veido\u0161anas metodolo\u0123iskie krit\u0113riji un principi<\/em>), commissioned by the Ministry of Culture. The aim of the research was to evaluate the methodology for developing the Canon and pathways for its further development, as well as to present proposals on making the Latvia&#8217;s Cultural Canon relevant, on its functionality and the development of sustainability policy.<\/p>\n<p>In 2014, the Library Advisory Centre of the National Library of Latvia prepared a set of consultative documents \u2013 &#8220;The Latvia&#8217;s Cultural Canon and Its Potential Applications in Libraries&#8221; (<em>Latvijas Kult\u016bras kanons un t\u0101 izmanto\u0161anas iesp\u0113jas bibliot\u0113k\u0101<\/em>). The collection was prepared by M\u0101ra J\u0113kabsone. The publication is a wide-ranging and comprehensive overview of the global history and examples of the canon concept, and gives an insight into the creation process for the Latvia&#8217;s Cultural Canon. It also includes valuable suggestions on the practical use of the Latvia&#8217;s Cultural Canon in library work.<\/p>\n<p><strong>Studies:<\/strong><\/p>\n<p><a href=\"https:\/\/kulturaskanons.lv\/wp-content\/uploads\/2017\/08\/latvijas_jauniesu_prieksstati_par_kulturas_kanonu.pdf\"><em>A Summary of the Results of the Study &#8220;Latvian Young People&#8217;s Notions of the Cultural Canon&#8221; by the Department of Culture Sociology and Management of the Latvian Academy of Culture<\/em> (<em>Latvijas Kult\u016bras akad\u0113mijas Kult\u016bras sociolo\u0123ijas un mened\u017ementa katedras p\u0113t\u012bjuma &#8220;Latvijas jaunie\u0161u priek\u0161stati par kult\u016bras kanonu&#8221; rezult\u0101tu apkopojums<\/em>). (2009). R\u012bga: LKA. (PDF, in Latvian)<\/a><\/p>\n<p><a href=\"https:\/\/kulturaskanons.lv\/wp-content\/uploads\/2017\/08\/lkk_veidosanas_metodologiskie_kriteriji_un_principi.pdf\"><em>Evaluation study &#8220;Methodological Criteria and Principles of the Latvia&#8217;s Cultural Canon&#8221; developed by the Latvian Academy of Culture and CultureLab (Latvijas Kult\u016bras akad\u0113mijas un biedr\u012bbas &#8220;CultureLab&#8221; izstr\u0101d\u0101tais nov\u0113rt\u0113juma p\u0113t\u012bjums &#8220;Latvijas kult\u016bras kanona veido\u0161anas metodolo\u0123iskie krit\u0113riji un principi&#8221;)<\/em>. (2013). R\u012bga: LKA. (PDF, in Latvian)<\/a><\/p>\n<p><a href=\"https:\/\/kulturaskanons.lv\/wp-content\/uploads\/2017\/08\/lkk_un_ta_izmantosanas_iespejas_biblioteka.pdf\"><em>The Latvia&#8217;s Cultural Canon and Its Potential Applications in Libraries (Latvijas Kult\u016bras kanons un t\u0101 izmanto\u0161anas iesp\u0113jas bibliot\u0113k\u0101)<\/em>. (2014). R\u012bga: LNB Bibliot\u0113ku att\u012bst\u012bbas instit\u016bta Bibliot\u0113ku konsultat\u012bvais centrs. (PDF, in Latvian)<\/a><\/p>","protected":false},"excerpt":{"rendered":"<p>The proposal for the creation of the Cultural Canon and, subsequently, its progress and implementation have been evaluated in a number of studies as well as in publications. These studies not only allow the history of the Canon&#8217;s development to be traced, but also provide knowledge and recommendations for the practical use of the Latvia&#8217;s [&hellip;]<\/p>\n","protected":false},"author":1,"featured_media":0,"parent":0,"menu_order":0,"comment_status":"open","ping_status":"open","template":"default-page.php","meta":[],"_links":{"self":[{"href":"https:\/\/kulturaskanons.lv\/en\/wp-json\/wp\/v2\/pages\/1779"}],"collection":[{"href":"https:\/\/kulturaskanons.lv\/en\/wp-json\/wp\/v2\/pages"}],"about":[{"href":"https:\/\/kulturaskanons.lv\/en\/wp-json\/wp\/v2\/types\/page"}],"author":[{"embeddable":true,"href":"https:\/\/kulturaskanons.lv\/en\/wp-json\/wp\/v2\/users\/1"}],"replies":[{"embeddable":true,"href":"https:\/\/kulturaskanons.lv\/en\/wp-json\/wp\/v2\/comments?post=1779"}],"version-history":[{"count":20,"href":"https:\/\/kulturaskanons.lv\/en\/wp-json\/wp\/v2\/pages\/1779\/revisions"}],"predecessor-version":[{"id":5186,"href":"https:\/\/kulturaskanons.lv\/en\/wp-json\/wp\/v2\/pages\/1779\/revisions\/5186"}],"wp:attachment":[{"href":"https:\/\/kulturaskanons.lv\/en\/wp-json\/wp\/v2\/media?parent=1779"}],"curies":[{"name":"wp","href":"https:\/\/api.w.org\/{rel}","templated":true}]}}