{"id":1764,"date":"2017-06-09T07:42:37","date_gmt":"2017-06-09T07:42:37","guid":{"rendered":"http:\/\/kulturaskanons.lv\/?page_id=1764"},"modified":"2026-01-27T14:11:23","modified_gmt":"2026-01-27T12:11:23","slug":"latvijas-skolas-soma","status":"publish","type":"page","link":"https:\/\/kulturaskanons.lv\/en\/latvijas-skolas-soma\/","title":{"rendered":"Latvian School Bag"},"content":{"rendered":"<p>The Latvian School Bag (<em>Latvijas skolas soma<\/em>) programme is the State&#8217;s largest Centenary gift for the more than 200 000 children and young people in Latvia. From September 2018, the programme is providing every schoolchild in our country with the opportunity to learn about and experience Latvia&#8217;s cultural treasures and highlights, and to find out about the innovations and entrepreneurial successes of different eras in Latvia.<\/p>\n<p>The link between the Latvian School Bag programme and the Culture Canon is very significant. The Canon can be considered a kind of treasure chest full of suggestions on where to begin learning about Latvia, at the same time emphasising the diversity of our treasures. The Culture Canon is a kind of foundation on which we, as a society, and as individuals can rely on, setting out on our country&#8217;s next hundred years, developing over time and creating this new era, not just being passive observers of it. Latvia&#8217;s Centenary programme invites us to celebrate joyfully and that also means doing our work and studying joyfully. So, finding out about Latvia&#8217;s cultural highlights in a new, contemporary way comes at the perfect time.<\/p>\n<p>The Canon is a fantastic place where to discover, all in one place, the paintings of <a href=\"https:\/\/kulturaskanons.lv\/en\/archive\/vilhelms-purvitis\/\" target=\"_blank\" rel=\"noopener\">Vilhelms Purv\u012btis<\/a>, <a href=\"https:\/\/kulturaskanons.lv\/en\/archive\/roberta-ligera-rigas-pantomima\/\" target=\"_blank\" rel=\"noopener\">the R\u012bga Pantomime<\/a>, the compositions of <a href=\"https:\/\/kulturaskanons.lv\/en\/archive\/lucija-garuta\/\" target=\"_blank\" rel=\"noopener\">L\u016bcija Gar\u016bta<\/a> and <a href=\"https:\/\/kulturaskanons.lv\/en\/archive\/emils-darzins\/\" target=\"_blank\" rel=\"noopener\">Em\u012bls D\u0101rzi\u0146\u0161<\/a>, <a href=\"https:\/\/kulturaskanons.lv\/en\/archive\/mopeds-riga12\/\" target=\"_blank\" rel=\"noopener\">the moped &#8220;R\u012bga-12&#8221;<\/a>, <a href=\"https:\/\/kulturaskanons.lv\/en\/archive\/rudzu-maize\/\" target=\"_blank\" rel=\"noopener\">rye bread<\/a>, quotable quotes from <a href=\"https:\/\/kulturaskanons.lv\/en\/archive\/limuzins-janu-nakts-krasa\/\" target=\"_blank\" rel=\"noopener\">the film &#8220;Limousine in the Colours of Midsummer Night&#8221;<\/a> (<em>Limuz\u012bns J\u0101\u0146u nakts kr\u0101s\u0101<\/em>) and many other things which matter to us and which make Latvia what it is. All of this must be passed on. It must be related and experienced in a contemporary, exciting and lively way.<\/p>\n<h3><a href=\"https:\/\/www.km.gov.lv\/lv\/kultura\/kultura-timekli\/projekti\/kulturas-norises-berniem-un-jauniesiem\/aicinam-iepazities-ar-kulturas-pasakumu-piedavajumu\" target=\"_blank\" rel=\"noopener\">Click here to find out about coming cultural events \u2013 events associated with the Latvian Culture Canon are marked with an asterisk *! (in Latvian)<\/a><\/h3>\n<blockquote><p><strong>Further information:<\/strong><br \/>\nAija T\u016bna<br \/>\nHead of the Latvian School Bag programme<br \/>\nHead of the Education and Youth Project of the Latvian State Centenary Office<br \/>\nE-mail: <a href=\"mailto:Aija.Tuna@km.gov.lv\" target=\"_blank\" rel=\"noopener\">Aija.Tuna@km.gov.lv<\/a><br \/>\n<a href=\"http:\/\/www.lv100.lv\" target=\"_blank\" rel=\"noopener\">www.lv100.lv<\/a><\/p><\/blockquote>\n<p><\/p>","protected":false},"excerpt":{"rendered":"<p>The Latvian School Bag (Latvijas skolas soma) programme is the State&#8217;s largest Centenary gift for the more than 200 000 children and young people in Latvia. From September 2018, the programme is providing every schoolchild in our country with the opportunity to learn about and experience Latvia&#8217;s cultural treasures and highlights, and to find out [&hellip;]<\/p>\n","protected":false},"author":1,"featured_media":0,"parent":0,"menu_order":0,"comment_status":"open","ping_status":"open","template":"default-page.php","meta":[],"_links":{"self":[{"href":"https:\/\/kulturaskanons.lv\/en\/wp-json\/wp\/v2\/pages\/1764"}],"collection":[{"href":"https:\/\/kulturaskanons.lv\/en\/wp-json\/wp\/v2\/pages"}],"about":[{"href":"https:\/\/kulturaskanons.lv\/en\/wp-json\/wp\/v2\/types\/page"}],"author":[{"embeddable":true,"href":"https:\/\/kulturaskanons.lv\/en\/wp-json\/wp\/v2\/users\/1"}],"replies":[{"embeddable":true,"href":"https:\/\/kulturaskanons.lv\/en\/wp-json\/wp\/v2\/comments?post=1764"}],"version-history":[{"count":54,"href":"https:\/\/kulturaskanons.lv\/en\/wp-json\/wp\/v2\/pages\/1764\/revisions"}],"predecessor-version":[{"id":5961,"href":"https:\/\/kulturaskanons.lv\/en\/wp-json\/wp\/v2\/pages\/1764\/revisions\/5961"}],"wp:attachment":[{"href":"https:\/\/kulturaskanons.lv\/en\/wp-json\/wp\/v2\/media?parent=1764"}],"curies":[{"name":"wp","href":"https:\/\/api.w.org\/{rel}","templated":true}]}}