{"id":48,"date":"2015-07-21T06:46:45","date_gmt":"2015-07-21T04:46:45","guid":{"rendered":"http:\/\/kanons.local\/?page_id=12"},"modified":"2022-12-20T16:08:42","modified_gmt":"2022-12-20T14:08:42","slug":"par-kanonu-2","status":"publish","type":"page","link":"https:\/\/kulturaskanons.lv\/de\/par-kanonu-2\/","title":{"rendered":"\u00dcber den Kanon"},"content":{"rendered":"<p>Der Lettische Kulturkanon ist der Zugang zur lettischen Kulturwelt in Form von unterschiedlichen Werten. Sie umfassen sowohl verschiedene Kulturbranchen als auch Jahrhunderte und Epochen, treffen sich auf dem Wege oder ragen auch als Gegenpole heraus.<\/p>\n<p>Der Kanon ist wie eine Brille, durch die man Lettland und seine Werte beobachten kann; eine T\u00fcr zur Schatzkammer der lettischen Kultur; ein \u00dcberlebensp\u00e4ckchen und Kompass in Verwirrungszeiten; ein Computerprogramm, das uns zu einer neuen Welt und neuen M\u00f6glichkeiten anschlie\u00dft.<\/p>\n<p>Diese Werte sind ein Zeichnen ihrer Zeit, das wir weiter entwickeln und wozu wir unsere eigene Bedeutung und neue Wertsch\u00e4tzung beitragen. Diese Werte werden zu einem Erbe, das wir durch Beschreibung, Erkundung und Erg\u00e4nzung weiterf\u00fchren. Durch die Anerkennung und Analyse der Werte k\u00f6nnen wir neue bestimmen und in der Zukunft eventuell den Kulturkanon erg\u00e4nzen.<\/p>\n<p>Die 2017 erstellte Webseite des Kulturkanons stellt unterschiedliche Informationen \u00fcber die Werte zur Verf\u00fcgung, zeigt die entdeckenswerten Sch\u00e4tze aus verschiedenen Beh\u00f6rden und Archiven und fordert zu ihrer Popularisierung und Erkundung auf.<\/p>\n<p>Die Nationalbibliothek Lettlands bedankt sich bei allen Autoren, die Werte des Kulturkanons beschrieben haben, bei allen Beh\u00f6rden, die immer gern ihre Schatzkammer zur Schau stellen, sowie bei jedem Angestellten der Bibliothek, der zur Webseite beigetragen hat.<\/p>","protected":false},"excerpt":{"rendered":"<p>Der Lettische Kulturkanon ist der Zugang zur lettischen Kulturwelt in Form von unterschiedlichen Werten. Sie umfassen sowohl verschiedene Kulturbranchen als auch Jahrhunderte und Epochen, treffen sich auf dem Wege oder ragen auch als Gegenpole heraus. Der Kanon ist wie eine Brille, durch die man Lettland und seine Werte beobachten kann; eine T\u00fcr zur Schatzkammer der [&hellip;]<\/p>\n","protected":false},"author":1,"featured_media":0,"parent":0,"menu_order":0,"comment_status":"open","ping_status":"closed","template":"default-page.php","meta":[],"_links":{"self":[{"href":"https:\/\/kulturaskanons.lv\/de\/wp-json\/wp\/v2\/pages\/48"}],"collection":[{"href":"https:\/\/kulturaskanons.lv\/de\/wp-json\/wp\/v2\/pages"}],"about":[{"href":"https:\/\/kulturaskanons.lv\/de\/wp-json\/wp\/v2\/types\/page"}],"author":[{"embeddable":true,"href":"https:\/\/kulturaskanons.lv\/de\/wp-json\/wp\/v2\/users\/1"}],"replies":[{"embeddable":true,"href":"https:\/\/kulturaskanons.lv\/de\/wp-json\/wp\/v2\/comments?post=48"}],"version-history":[{"count":127,"href":"https:\/\/kulturaskanons.lv\/de\/wp-json\/wp\/v2\/pages\/48\/revisions"}],"predecessor-version":[{"id":5184,"href":"https:\/\/kulturaskanons.lv\/de\/wp-json\/wp\/v2\/pages\/48\/revisions\/5184"}],"wp:attachment":[{"href":"https:\/\/kulturaskanons.lv\/de\/wp-json\/wp\/v2\/media?parent=48"}],"curies":[{"name":"wp","href":"https:\/\/api.w.org\/{rel}","templated":true}]}}