{"id":44,"date":"2015-07-20T12:28:16","date_gmt":"2015-07-20T12:28:16","guid":{"rendered":"http:\/\/kanons.local\/?page_id=2"},"modified":"2022-06-13T11:45:17","modified_gmt":"2022-06-13T09:45:17","slug":"list","status":"publish","type":"page","link":"https:\/\/kulturaskanons.lv\/de\/list\/","title":{"rendered":"Liste"},"content":{"rendered":"<p>Die Sammlung von 14 Volkstraditionen enth\u00e4lt Werte nicht nur aus ferner Vergangenheit, sondern auch aus der Gegenwart.<br \/>\n[parser]<br \/>\nZum Bereich von Architektur und Design geh\u00f6ren 18 verschiedene Werte aus der Vergangenheit und Gegenwart. Hier sind sowohl allgemein anerkannte Werte und ihre Autoren als auch weniger bekannte Werke und ortsspezifische Eigenschaften zu finden. Bei der Auswahl der Werte waren Qualit\u00e4t und Botschaft wichtige Voraussetzungen.<br \/>\n[parser]<br \/>\nIm Bereich der B\u00fchnenkunst werden 15\u00a0Pers\u00f6nlichkeiten und k\u00fcnstlerische Leistungen ausgezeichnet, die die berufliche B\u00fchnenkunst in Lettland beeinflusst haben und dies noch heute tun.<br \/>\n[parser]<br \/>\nBereich der Bildenden Kunst besteht aus 15 bestimmten Werken von bestimmten Pers\u00f6nlichkeiten. Fachleute haben sich klar daf\u00fcr entschieden, ausschlie\u00dflich nicht mehr lebende K\u00fcnstler auszuzeichnen.<br \/>\n[parser]<br \/>\nDie 14 Werke im Literaturbereich haben die lettische Literatur gef\u00f6rdert und noch heute darauf Einfluss \u00fcben, von &#8222;Landvermesserzeiten&#8220; der Br\u00fcder Kaudz\u012bte bis zur Trilogie &#8222;Bille&#8220; von Vizma Bel\u0161evica. Diese Werte stellen einen \u00dcberblick \u00fcber die lettische Sprache, Kultur und Mentalit\u00e4t dar.<br \/>\n[parser]<br \/>\nZu den 12\u00a0Musikwerten geh\u00f6ren sowohl einzelne Komponisten als auch Werke. Obwohl Interpreten zweifellos ein wichtiger Teil der Musikszene sind, wurde es absichtlich daf\u00fcr entschieden, sie hier nicht aufzulisten.<br \/>\n[parser]<br \/>\nDie 12 Werke der Filmbranche stellen wichtige Wendepunkte in der lettischen Filmkunst dar, unabh\u00e4ngig von ihrer Ber\u00fchmtheit. Diese k\u00fcnstlerisch hochqualitativen Filme entsprechen den damaligen Filmtendenzen oder sind sogar ihrer Zeit voraus. Alle Filme des lettischen Kulturkanons sind auf der Webseite des Nationalen Filmzentrums filmas.lv zu finden.<br \/>\n[parser]<br \/>\nLandschaften sind die neuesten Elemente des Kulturkanons. Sie wurden dem Kanon 2021 hinzugef\u00fcgt. Acht legend\u00e4re Landschaften stellen die Sch\u00f6nheit und Vielfalt Lettlands dar, die durch die Interaktion von Natur und Mensch entstanden ist.<\/p>","protected":false},"excerpt":{"rendered":"<p>Die Sammlung von 14 Volkstraditionen enth\u00e4lt Werte nicht nur aus ferner Vergangenheit, sondern auch aus der Gegenwart. [parser] Zum Bereich von Architektur und Design geh\u00f6ren 18 verschiedene Werte aus der Vergangenheit und Gegenwart. Hier sind sowohl allgemein anerkannte Werte und ihre Autoren als auch weniger bekannte Werke und ortsspezifische Eigenschaften zu finden. Bei der Auswahl [&hellip;]<\/p>\n","protected":false},"author":1,"featured_media":0,"parent":0,"menu_order":0,"comment_status":"open","ping_status":"closed","template":"big-menu.php","meta":[],"_links":{"self":[{"href":"https:\/\/kulturaskanons.lv\/de\/wp-json\/wp\/v2\/pages\/44"}],"collection":[{"href":"https:\/\/kulturaskanons.lv\/de\/wp-json\/wp\/v2\/pages"}],"about":[{"href":"https:\/\/kulturaskanons.lv\/de\/wp-json\/wp\/v2\/types\/page"}],"author":[{"embeddable":true,"href":"https:\/\/kulturaskanons.lv\/de\/wp-json\/wp\/v2\/users\/1"}],"replies":[{"embeddable":true,"href":"https:\/\/kulturaskanons.lv\/de\/wp-json\/wp\/v2\/comments?post=44"}],"version-history":[{"count":21,"href":"https:\/\/kulturaskanons.lv\/de\/wp-json\/wp\/v2\/pages\/44\/revisions"}],"predecessor-version":[{"id":5077,"href":"https:\/\/kulturaskanons.lv\/de\/wp-json\/wp\/v2\/pages\/44\/revisions\/5077"}],"wp:attachment":[{"href":"https:\/\/kulturaskanons.lv\/de\/wp-json\/wp\/v2\/media?parent=44"}],"curies":[{"name":"wp","href":"https:\/\/api.w.org\/{rel}","templated":true}]}}