{"id":3237,"date":"2018-04-03T09:52:59","date_gmt":"2018-04-03T07:52:59","guid":{"rendered":"https:\/\/kulturaskanons.lv\/?page_id=3237"},"modified":"2025-12-11T10:54:54","modified_gmt":"2025-12-11T08:54:54","slug":"metodiskie-materiali","status":"publish","type":"page","link":"https:\/\/kulturaskanons.lv\/de\/metodiskie-materiali\/","title":{"rendered":"Lehrmaterialien"},"content":{"rendered":"<p>Der Lettische Kulturkanon kann wunderbar in schulischer und au\u00dferschulischer Ausbildung angewendet werden. Er f\u00f6rdert die politische Bewusstseinsbildung und B\u00fcrgerbeteiligung sowie den Stolz der Gesellschaft, insbesondere der Jugendlichen, auf Lettland.<\/p>\n<p>Im Rahmen des Projekts &#8222;Integrierte Vermittlung der lettischen Sprache und des Lettischen Kulturkanons an Minderheiten und Nicht-B\u00fcrger: Lernen Sie den Lettischen Kulturkanon kennen!&#8220; entwarfen Dr. filol. Maija Burima und Dr. filol. Inese Valtere aus der Universit\u00e4t Daugavpils, erfahrene Angestellte in Migrations- und Minderheiten- sowie Sprach- und Kulturfragen, ein originelles Programm, Arbeitsbl\u00e4tter und methodische Richtlinien f\u00fcr eine integrierte Vermittlung des Lettischen Kulturkanons und der lettischen Sprache. Diese Richtlinien sind f\u00fcr Projektautoren entwickelt, die den Lettischen Kulturkanon mit Schwerpunkt auf die integrierte Vermittlung des Lettischen Kulturkanons und der lettischen Sprache an ethnischen Minderheiten, Nicht-B\u00fcrger, B\u00fcrger au\u00dferhalb Lettlands und Drittstaatsangeh\u00f6riger bekannt machen m\u00f6chten. Die Richtlinien enthalten Grundinformationen zum Ziel des Lettischen Kulturkanons und zw\u00f6lf Beschreibungen von verschiedenen Aktivit\u00e4ten. Diese Materialien sind in der Ausbildung von Leuten verschiedenen Alters und in der schulischen und au\u00dferschulischen Bildung verwendbar, um Kenntnisse \u00fcber die Werte des Kulturkanons zu vermitteln und zu vertiefen. Die im Material enthaltenen Aktivit\u00e4ten sind bei integrierter Vermittlung der lettischen Sprache und des Lettischen Kulturkanons durchzuf\u00fchren.<\/p>\n<blockquote>\n<p style=\"text-align: left;\"><a href=\"https:\/\/kulturaskanons.lv\/wp-content\/uploads\/2018\/04\/Metodiskais_materials_kanons.pdf\" target=\"_blank\" rel=\"noopener\">Metodiskie ieteikumi integr\u0101cijas projektiem Latvijas kult\u016bras kanona populariz\u0113\u0161anai (PDF, auf Lettisch)<\/a><br \/>\n<a href=\"https:\/\/kulturaskanons.lv\/wp-content\/uploads\/2018\/04\/Programma_Kulturas_kanons_2014.pdf\" target=\"_blank\" rel=\"noopener\">M\u0101c\u012bbu programma cittautie\u0161iem latvie\u0161u valodas un Latvijas kult\u016bras kanona v\u0113rt\u012bbu integr\u0113tai apguvei (PDF, auf Lettisch)<br \/>\n<\/a><a href=\"https:\/\/kulturaskanons.lv\/wp-content\/uploads\/2018\/04\/Nodarbiba_KK_Jugendstils.pdf\" target=\"_blank\" rel=\"noopener\">Metodiskais materi\u0101ls programmas 3. t\u0113mai \u201eM\u016bsdienu pasaules izaicin\u0101jumi: intereses, v\u0113rt\u012bbas, m\u016b\u017eizgl\u012bt\u012bba\u201d (PDF, auf Lettisch)<\/a><br \/>\n<a href=\"https:\/\/kulturaskanons.lv\/wp-content\/uploads\/2018\/04\/Nodarbiba_KK_maize.pdf\" target=\"_blank\" rel=\"noopener\">Metodiskais materi\u0101ls programmas 4. t\u0113mai \u201eMateri\u0101lo un gar\u012bgo v\u0113rt\u012bbu sist\u0113ma\u201d (PDF, auf Lettisch)<\/a><\/p>\n<\/blockquote>\n<p>Materialien f\u00fcr Lehrer, ausgearbeitet vom Staatlichen Bildungszentrum und dem Fortbildungs- und Kulturverein &#8222;Vitae&#8220;.<\/p>\n<blockquote>\n<p style=\"text-align: left;\"><a href=\"https:\/\/kulturaskanons.lv\/wp-content\/uploads\/2018\/04\/atbalsta_materiali_pilsoniskas_audzinasanas_un_pilsoniskas_lidzdalibas_sekmesanai_2018.pdf\" target=\"_blank\" rel=\"noopener\">Atbalsta materi\u0101li pilsonisk\u0101s audzin\u0101\u0161anas un pilsonisk\u0101s l\u012bdzdal\u012bbas sekm\u0113\u0161anai (R\u012bga, 2018) (PDF)<\/a><\/p>\n<\/blockquote>\n<p><a href=\"https:\/\/kulturaskanons.lv\/wp-content\/uploads\/2024\/04\/Izkraso_ar_Dziesmu_svetkiem_saistitas_vertibas_A3_2023.pdf\" target=\"_blank\" rel=\"noopener\">Malen Sie die mit dem S\u00e4ngerfest verbundenen Werte \/ A3 (PDF)<\/a><br \/>\n<a href=\"https:\/\/kulturaskanons.lv\/wp-content\/uploads\/2024\/04\/Izkraso_ar_Dziesmu_svetkiem_saistitas_vertibas_A4_2023.pdf\" target=\"_blank\" rel=\"noopener\">Malen Sie die mit dem S\u00e4ngerfest verbundenen Werte \/ A4 (PDF)<\/a><\/p>","protected":false},"excerpt":{"rendered":"<p>Der Lettische Kulturkanon kann wunderbar in schulischer und au\u00dferschulischer Ausbildung angewendet werden. Er f\u00f6rdert die politische Bewusstseinsbildung und B\u00fcrgerbeteiligung sowie den Stolz der Gesellschaft, insbesondere der Jugendlichen, auf Lettland. Im Rahmen des Projekts &#8222;Integrierte Vermittlung der lettischen Sprache und des Lettischen Kulturkanons an Minderheiten und Nicht-B\u00fcrger: Lernen Sie den Lettischen Kulturkanon kennen!&#8220; entwarfen Dr. filol. [&hellip;]<\/p>\n","protected":false},"author":1,"featured_media":0,"parent":0,"menu_order":0,"comment_status":"open","ping_status":"closed","template":"default-page.php","meta":[],"_links":{"self":[{"href":"https:\/\/kulturaskanons.lv\/de\/wp-json\/wp\/v2\/pages\/3237"}],"collection":[{"href":"https:\/\/kulturaskanons.lv\/de\/wp-json\/wp\/v2\/pages"}],"about":[{"href":"https:\/\/kulturaskanons.lv\/de\/wp-json\/wp\/v2\/types\/page"}],"author":[{"embeddable":true,"href":"https:\/\/kulturaskanons.lv\/de\/wp-json\/wp\/v2\/users\/1"}],"replies":[{"embeddable":true,"href":"https:\/\/kulturaskanons.lv\/de\/wp-json\/wp\/v2\/comments?post=3237"}],"version-history":[{"count":71,"href":"https:\/\/kulturaskanons.lv\/de\/wp-json\/wp\/v2\/pages\/3237\/revisions"}],"predecessor-version":[{"id":5911,"href":"https:\/\/kulturaskanons.lv\/de\/wp-json\/wp\/v2\/pages\/3237\/revisions\/5911"}],"wp:attachment":[{"href":"https:\/\/kulturaskanons.lv\/de\/wp-json\/wp\/v2\/media?parent=3237"}],"curies":[{"name":"wp","href":"https:\/\/api.w.org\/{rel}","templated":true}]}}