{"id":1781,"date":"2017-06-09T08:03:48","date_gmt":"2017-06-09T08:03:48","guid":{"rendered":"http:\/\/kulturaskanons.lv\/?page_id=1781"},"modified":"2026-01-12T16:26:58","modified_gmt":"2026-01-12T14:26:58","slug":"kanona_pagatne","status":"publish","type":"page","link":"https:\/\/kulturaskanons.lv\/de\/kanona_pagatne\/","title":{"rendered":"Kanon in der Vergangenheit und Zukunft"},"content":{"rendered":"<p>Der Lettische Kulturkanon entstand durch kundige Entscheidung und Meinungswechsel. Die Idee stammt aus 2007 von der damaligen Kultusministerin Hel\u0113na Demakova, die die Gesellschaft und Fachleute zum Nachdenken \u00fcber unsere Grundwerte und deren Einstufung und Bedeutung aufforderte. Daraus entstand 2008 der Lettische Kulturkanon, der 99\u00a0Werte aus sieben Kulturbranchen enth\u00e4lt.<\/p>\n<p>Wir sch\u00e4tzen und pflegen diese Werte in unserer Rolle der Erben des Kanons, schaffen neue Kenntnisse und ein neues Erbe, sind dazu f\u00e4hig, neue Werte der lettischen Kultur in unserem Alltag, in anderen Menschen, an sch\u00f6nsten Orten Lettlands, in Geschichten, in der Vergangenheit und in wichtigen Kehrtwenden der Kultur zu erkennen.<\/p>\n<p>Der Kanon erz\u00e4hlt \u00fcber uns, unsere kulturelle Erlebnisse, unser Zugeh\u00f6rigkeitsgef\u00fchl und den Stolz auf unsere Werte. Er passt sich an die Zeit und gesellschaftliche Tendenzen an und kann im Laufe der Zeit erg\u00e4nzt werden. Somit kann sich auch unsere heutige Vorstellung von den Werten des Kulturkanons \u00e4ndern.<\/p>\n<p>[plus <strong>Der Kulturkanon heute<\/strong>]<\/p>\n<p>Seit 2013 finden regelm\u00e4\u00dfig in verschiedenen Regionen kanonverbundene kreative <a href=\"https:\/\/kulturaskanons.lv\/de\/izglitibas-programma\/\">Werkstatten<\/a> und auch der traditionelle <a href=\"https:\/\/kulturaskanons.lv\/kulturas-kanona-konkurss\/\">Kulturkanonwettbewerb<\/a> der Lettischen Kulturakademie.<\/p>\n<p>Die Aktualisierung der Webseite des Lettischen Kulturkanons wurde 2014 eingeleitet, und seit September 2017 ist die aktuelle Version frei zug\u00e4nglich. An der Aktualisierung haben sich viele Angestellte der Lettischen Nationalbibliothek beteiligt, darunter Liega Pie\u0161i\u0146a, J\u0101nis Freimanis, Zane Zajan\u010dkauska, Jur\u0123is \u012av\u0101ns, Anda Juta Z\u0101l\u012bte, Antra Indriksone, Indra Vi\u013cumsone, Stella Hermanovska, M\u0101rti\u0146\u0161 Mintaurs, Aina Krieva, M\u0101ra Daneberga, Ruta Almane-Palmbaha, Marina Mihaileca, L\u0101sma Timma, Marika Karlsone, Viktorija Surska, Aira Vilka, L\u0101sma Meldere-\u0160estakova. Das Projekt Lettischer Kulturkanon wurde geleitet von Ineta Kivle (2014\u20132016) und Dagnija Balti\u0146a (2016\u20132020), seit 2020 wird es von Maija Treile geleitet. Koordinator des Projekts ist Anita Smeltere. Zur Projektentwicklung haben auch Dace D\u017eeri\u0146a, Artis Tauri\u0146\u0161, Lolita R\u016bsi\u0146a und Anda La\u0137e einen wichtigen Beitrag geleistet. Vielen Dank an alle!<\/p>\n<p>2017 wurde in der Lettischen Nationalbibliothek ein Kennenlernspiel entwickelt, das die mit dem Kulturkanon verbundenen Werte in der Bibliothek auszeichnet.<\/p>\n<p>Der Webseite werden st\u00e4ndig neue Materialien zu den Werten hinzugef\u00fcgt, und sie wird in die englische, russische und deutsche Sprache \u00fcbersetzt. In Zusammenarbeit mit anderen Kulturbeh\u00f6rden, die mit dem Kanon verbunden sind, wird die Webseite zu einer einheitlichen Informationsquelle \u00fcber alle mit dem Kanon verbundene Aktualit\u00e4ten und Ereignisse entwickelt.<\/p>\n<p>[\/plus]<\/p>\n<p>[plus <strong>Entwicklung des Kulturkanons von 2007 bis 2008<\/strong>]<\/p>\n<p>2007 bis 2008 sollten die hervorragendsten Werke, Ereignisse und Pers\u00f6nlichkeiten, die die lettische Kultur am besten charakterisieren, f\u00fcr den Kulturkanon ausgew\u00e4hlt werden.<\/p>\n<p>In dieser Zeit arbeiteten daran mehrere Expertengruppen. Au\u00dferdem wurde eine Konferenz zum Kulturkanons als Grundstein des gesellschaftlichen Zusammenhalts und 2008 bis 2009 eine Forschung der Lettischen Kulturakademie zur Haltung der lettischen Sch\u00fcler und Jugendlichen gegen\u00fcber lettischen Kulturerrungenschaften durchgef\u00fchrt.<\/p>\n<p>Daraus entstand der Lettische Kulturkanon, der 99 Werte aus sieben Kulturbranchen umfasst: Literatur, Kino, Musik, Architektur und Design, B\u00fchnenkunst, Bildende Kunst und Volksgebr\u00e4uche.<\/p>\n<p>Kino-Expertengruppe: Valent\u012bna Freimane, Dita Rietuma, Uldis T\u012brons, J\u0101nis Putni\u0146\u0161, Krist\u012bne Mat\u012bsa.<\/p>\n<p>Architektur- und Design-Expertengruppe: J\u0101nis Dripe, J\u0101nis Lejnieks, Ieva Z\u012bb\u0101rte, Inese P\u0113tersone, Ilze Martinsone.<\/p>\n<p>Literatur-Expertengruppe: Guntis Berelis, Raimonds Briedis, Gun\u0101rs B\u012bbers, Nora Ikstena, Reinis Tuki\u0161s.<\/p>\n<p>Musik-Expertengruppe: Gunda Vaivode, Mikus \u010ce\u017ee, Juris Karlsons, Rolands Kronlaks, Orests Silabriedis.<\/p>\n<p>B\u00fchnenkunst-Expertengruppe: J\u0101nis Sili\u0146\u0161, Silvija Radzobe, Lilija Dzene, Guna Zelti\u0146a, L\u012bga Ulberte, Gunta B\u0101li\u0146a.<\/p>\n<p>Expertengruppe zur Bildenden Kunst: M\u0101ra L\u0101ce, Eduards K\u013cavi\u0146\u0161, Imants Lancmanis, Laima Slava, Kristi\u0101na \u0100bele.<\/p>\n<p>Volksgebr\u00e4uche-Expertengruppe: Dace Bula, Jan\u012bna Kurs\u012bte, M\u0101ra Mell\u0113na, Valdis Muktup\u0101vels, Signe Puj\u0101te.<\/p>\n<p>[\/plus]<\/p>","protected":false},"excerpt":{"rendered":"<p>Der Lettische Kulturkanon entstand durch kundige Entscheidung und Meinungswechsel. Die Idee stammt aus 2007 von der damaligen Kultusministerin Hel\u0113na Demakova, die die Gesellschaft und Fachleute zum Nachdenken \u00fcber unsere Grundwerte und deren Einstufung und Bedeutung aufforderte. Daraus entstand 2008 der Lettische Kulturkanon, der 99\u00a0Werte aus sieben Kulturbranchen enth\u00e4lt. Wir sch\u00e4tzen und pflegen diese Werte in [&hellip;]<\/p>\n","protected":false},"author":1,"featured_media":0,"parent":0,"menu_order":0,"comment_status":"open","ping_status":"closed","template":"default-page.php","meta":[],"_links":{"self":[{"href":"https:\/\/kulturaskanons.lv\/de\/wp-json\/wp\/v2\/pages\/1781"}],"collection":[{"href":"https:\/\/kulturaskanons.lv\/de\/wp-json\/wp\/v2\/pages"}],"about":[{"href":"https:\/\/kulturaskanons.lv\/de\/wp-json\/wp\/v2\/types\/page"}],"author":[{"embeddable":true,"href":"https:\/\/kulturaskanons.lv\/de\/wp-json\/wp\/v2\/users\/1"}],"replies":[{"embeddable":true,"href":"https:\/\/kulturaskanons.lv\/de\/wp-json\/wp\/v2\/comments?post=1781"}],"version-history":[{"count":35,"href":"https:\/\/kulturaskanons.lv\/de\/wp-json\/wp\/v2\/pages\/1781\/revisions"}],"predecessor-version":[{"id":5945,"href":"https:\/\/kulturaskanons.lv\/de\/wp-json\/wp\/v2\/pages\/1781\/revisions\/5945"}],"wp:attachment":[{"href":"https:\/\/kulturaskanons.lv\/de\/wp-json\/wp\/v2\/media?parent=1781"}],"curies":[{"name":"wp","href":"https:\/\/api.w.org\/{rel}","templated":true}]}}