{"id":1777,"date":"2017-06-09T08:03:27","date_gmt":"2017-06-09T06:03:27","guid":{"rendered":"http:\/\/kulturaskanons.lv\/?page_id=1777"},"modified":"2022-03-01T10:31:08","modified_gmt":"2022-03-01T08:31:08","slug":"merki","status":"publish","type":"page","link":"https:\/\/kulturaskanons.lv\/de\/merki\/","title":{"rendered":"Ziele"},"content":{"rendered":"<p>Das Ziel der Webseite des Lettischen Kulturkanons ist es, Informationen zu den Werten des Kulturkanons in verschiedenen Beh\u00f6rden und Archiven und zu den in j\u00fcngsten Projekten und Veranstaltungen erworbenen Kenntnissen \u00fcber die Werte zur Verf\u00fcgung zu stellen. Die Webseite erm\u00f6glich jedem die Erkundung der Grundwerte unserer Kultur. Sie enth\u00e4lt Links zu Pressematerialien und anderen Ressourcen, die die notwendige Information und verschiedene Quellen zur Verf\u00fcgung stellen und, falls die Information nicht frei zug\u00e4nglich ist, Daten aus Kulturbeh\u00f6rden, darunter Bibliotheken und Archiven, gew\u00e4hrleistet.<\/p>\n<p>Wir m\u00f6chten diese Webseite als einen Zugang zur Kulturwelt betrachten: Wir bieten eine tiefgreifende Erkl\u00e4rung der im Kulturkanon aufgenommenen Werte durch Videos, Fotos, Texte usw. an.<\/p>\n<p>Der Kulturkanon kann von allen in verschiedenen Weisen verwendet werden. Seine Aufgaben:<\/p>\n<ul>\n<li>Veranschaulichung der wichtigsten Ereignisse in unterschiedlichen Bereichen lettischer Kultur;<\/li>\n<li>Anregung von privaten und \u00f6ffentlichen Diskussionen \u00fcber Kulturwerte und -prozesse;<\/li>\n<li>Qualit\u00e4tssicherung und -ma\u00dfstab f\u00fcr die Schaffung und Hervorhebung neuer Werte;<\/li>\n<li>F\u00f6rderung der Auffassung, dass das lettische Kulturerbe einzigartig und wertvoll ist;<\/li>\n<li>Verbesserung des Ansehens von Kultur;<\/li>\n<li>Einigung der lettischen Gesellschaft um gemeinsame Werte;<\/li>\n<li>Vermittlung neuer Kenntnisse \u00fcber die lettische Kunst und Kultur;<\/li>\n<li>Aktualisierung von in Vergessenheit geratenen Werten;<\/li>\n<li>Vermittlung unserer Kulturwerte und unserer Auffassung und Erfahrung an Vertreter von anderen Kulturen;<\/li>\n<li>Beitrag zur Ausbildung der Gesellschaft, insbesondere von Sch\u00fclern und Jugendlichen;<\/li>\n<li>Aufforderung an jeden zur Pflege seiner Umgebung und Umwelt und zur Definierung seiner eigenen Werte.<\/li>\n<\/ul>\n<p><\/p>","protected":false},"excerpt":{"rendered":"<p>Das Ziel der Webseite des Lettischen Kulturkanons ist es, Informationen zu den Werten des Kulturkanons in verschiedenen Beh\u00f6rden und Archiven und zu den in j\u00fcngsten Projekten und Veranstaltungen erworbenen Kenntnissen \u00fcber die Werte zur Verf\u00fcgung zu stellen. Die Webseite erm\u00f6glich jedem die Erkundung der Grundwerte unserer Kultur. Sie enth\u00e4lt Links zu Pressematerialien und anderen Ressourcen, [&hellip;]<\/p>\n","protected":false},"author":1,"featured_media":0,"parent":0,"menu_order":0,"comment_status":"open","ping_status":"closed","template":"default-page.php","meta":[],"_links":{"self":[{"href":"https:\/\/kulturaskanons.lv\/de\/wp-json\/wp\/v2\/pages\/1777"}],"collection":[{"href":"https:\/\/kulturaskanons.lv\/de\/wp-json\/wp\/v2\/pages"}],"about":[{"href":"https:\/\/kulturaskanons.lv\/de\/wp-json\/wp\/v2\/types\/page"}],"author":[{"embeddable":true,"href":"https:\/\/kulturaskanons.lv\/de\/wp-json\/wp\/v2\/users\/1"}],"replies":[{"embeddable":true,"href":"https:\/\/kulturaskanons.lv\/de\/wp-json\/wp\/v2\/comments?post=1777"}],"version-history":[{"count":12,"href":"https:\/\/kulturaskanons.lv\/de\/wp-json\/wp\/v2\/pages\/1777\/revisions"}],"predecessor-version":[{"id":4986,"href":"https:\/\/kulturaskanons.lv\/de\/wp-json\/wp\/v2\/pages\/1777\/revisions\/4986"}],"wp:attachment":[{"href":"https:\/\/kulturaskanons.lv\/de\/wp-json\/wp\/v2\/media?parent=1777"}],"curies":[{"name":"wp","href":"https:\/\/api.w.org\/{rel}","templated":true}]}}