{"id":1770,"date":"2017-06-09T07:44:38","date_gmt":"2017-06-09T07:44:38","guid":{"rendered":"http:\/\/kulturaskanons.lv\/?page_id=1770"},"modified":"2026-03-16T12:34:30","modified_gmt":"2026-03-16T10:34:30","slug":"kulturas-kanona-konkurss","status":"publish","type":"page","link":"https:\/\/kulturaskanons.lv\/de\/kulturas-kanona-konkurss\/","title":{"rendered":"Kulturkanonwettbewerb"},"content":{"rendered":"<p><a href=\"https:\/\/kulturaskanons.lv\/wp-content\/uploads\/2017\/06\/Latvijas_Kulturas_kanona_konkurss_logo.jpg\"><img loading=\"lazy\" class=\"size-medium wp-image-2335 alignright\" src=\"https:\/\/kulturaskanons.lv\/wp-content\/uploads\/2017\/06\/Latvijas_Kulturas_kanona_konkurss_logo-300x214.jpg\" alt=\"Latvijas Kult\u016bras kanona konkursa logo\" width=\"300\" height=\"214\" srcset=\"https:\/\/kulturaskanons.lv\/wp-content\/uploads\/2017\/06\/Latvijas_Kulturas_kanona_konkurss_logo-300x214.jpg 300w, https:\/\/kulturaskanons.lv\/wp-content\/uploads\/2017\/06\/Latvijas_Kulturas_kanona_konkurss_logo-1024x731.jpg 1024w, https:\/\/kulturaskanons.lv\/wp-content\/uploads\/2017\/06\/Latvijas_Kulturas_kanona_konkurss_logo.jpg 1654w\" sizes=\"(max-width: 300px) 100vw, 300px\" \/><\/a>Die Lettische Kulturakademie veranstaltet seit 2012 den Kulturkanonwettbewerb f\u00fcr lettische Sch\u00fcler. Jedes Jahr bekommen die Teilnehmer des Wettbewerbs eine neue Aufgabe, die zu einer Erkundung aus verschiedenen Perspektiven und zu einer kreativen Darstellung der Kultur- und Kunstereignisse in Lettland in Bezug auf den Kulturkanon auffordern.<\/p>\n<p>Im Rahmen des Wettbewerbs vertiefen die Sch\u00fcler ihre bisherigen Kenntnisse und F\u00e4higkeiten und neue wichtige Kulturkompetenzen erwerben, indem sie z. B. Selbst\u00e4ndig aktuelle Kulturwerte analysieren, Kurzfilme \u00fcber Familiengebr\u00e4uche aufnehmen, kreative Vorstellungen einstudieren und Brettspiele entwickeln.<\/p>\n<p><a href=\"https:\/\/kulturaskanons.lv\/wp-content\/uploads\/2022\/03\/LKA_logo_LV.png\"><img loading=\"lazy\" class=\"size-medium wp-image-5014 alignright\" src=\"https:\/\/kulturaskanons.lv\/wp-content\/uploads\/2022\/03\/LKA_logo_LV-300x147.png\" alt=\"\" width=\"300\" height=\"147\" srcset=\"https:\/\/kulturaskanons.lv\/wp-content\/uploads\/2022\/03\/LKA_logo_LV-300x147.png 300w, https:\/\/kulturaskanons.lv\/wp-content\/uploads\/2022\/03\/LKA_logo_LV-1024x500.png 1024w, https:\/\/kulturaskanons.lv\/wp-content\/uploads\/2022\/03\/LKA_logo_LV-768x375.png 768w, https:\/\/kulturaskanons.lv\/wp-content\/uploads\/2022\/03\/LKA_logo_LV.png 1200w\" sizes=\"(max-width: 300px) 100vw, 300px\" \/><\/a><\/p>\n<p>Der Kulturkanonwettbewerb f\u00f6rdert die Aufbewahrung des Kulturerbes und seine Aktualisierung sowie betont die diversen Kulturprozesse in der Gesellschaft und die unterschiedlichen Wertsysteme. Es werden auch die Kreativit\u00e4t und B\u00fcrgerbeteiligung der Sch\u00fcler in der Gestaltung des lettischen Kulturraumes gef\u00f6rdert. Die Aufgaben des Wettbewerbs haben die Erkundung und die Kommunikation der im Kulturkanon aufgenommenen Werte zum Ziel. Urspr\u00fcnglich galt der Wettbewerb zwar als Kulturologie-Olympiade in Schulen, aber heute spielt er eine wichtigere Rolle in der kulturellen Ausbildung lettischer Sch\u00fcler und wird j\u00e4hrlich veranstaltet.<\/p>\n<p>Jedes Jahr nehmen mehr als 60\u00a0Schulen aus allen Regionen Lettlands am Wettbewerb teil. Der Wettbewerb findet in mindestens zwei Runden statt, die erste davon \u2013 in den f\u00fcnf historischen Regionen Lettlands: Kurzeme, Zemgale, Vidzeme, Latgale und Riga. 5 bis 16 Mannschaften ziehen ins Finale ein.<\/p>\n<p>Veranstalter: Lettische Kulturakademie in Zusammenarbeit mit dem Kultusministerium, Staatlichen Bildungszentrum, Lettischen Nationalen Kulturzentrum und der Lettischen Nationalbibliothek. Der Wettbewerb richtet sich an Sch\u00fclerinnen und Sch\u00fcler der 10. bis 12.\u00a0Klasse in Gesamtschulen und Kunst- und Musikschulen. Jedes Jahr wird besonders die Teilnahme von Minderheitenschulen erwartet.<\/p>\n<blockquote><p><strong>Kontakt:<\/strong><br \/>\nVizepr\u00e4sidentin der Lettischen Kulturakademie f\u00fcr Forschung Prof. Anda La\u0137e<br \/>\nE-Mail: <a href=\"mailto:anda.lake@lka.edu.lv\">anda.lake@lka.edu.lv<\/a><br \/>\n<a href=\"https:\/\/www.lka.edu.lv\" target=\"_blank\" rel=\"noopener\">www.lka.edu.lv<\/a><br \/>\n<a href=\"http:\/\/www.facebook.com\/kulturaskanons\" target=\"_blank\" rel=\"noopener\">www.facebook.com\/kulturaskanons<\/a><\/p><\/blockquote>\n<p><\/p>","protected":false},"excerpt":{"rendered":"<p>Die Lettische Kulturakademie veranstaltet seit 2012 den Kulturkanonwettbewerb f\u00fcr lettische Sch\u00fcler. Jedes Jahr bekommen die Teilnehmer des Wettbewerbs eine neue Aufgabe, die zu einer Erkundung aus verschiedenen Perspektiven und zu einer kreativen Darstellung der Kultur- und Kunstereignisse in Lettland in Bezug auf den Kulturkanon auffordern. Im Rahmen des Wettbewerbs vertiefen die Sch\u00fcler ihre bisherigen Kenntnisse [&hellip;]<\/p>\n","protected":false},"author":1,"featured_media":0,"parent":0,"menu_order":0,"comment_status":"open","ping_status":"open","template":"default-page.php","meta":[],"_links":{"self":[{"href":"https:\/\/kulturaskanons.lv\/de\/wp-json\/wp\/v2\/pages\/1770"}],"collection":[{"href":"https:\/\/kulturaskanons.lv\/de\/wp-json\/wp\/v2\/pages"}],"about":[{"href":"https:\/\/kulturaskanons.lv\/de\/wp-json\/wp\/v2\/types\/page"}],"author":[{"embeddable":true,"href":"https:\/\/kulturaskanons.lv\/de\/wp-json\/wp\/v2\/users\/1"}],"replies":[{"embeddable":true,"href":"https:\/\/kulturaskanons.lv\/de\/wp-json\/wp\/v2\/comments?post=1770"}],"version-history":[{"count":119,"href":"https:\/\/kulturaskanons.lv\/de\/wp-json\/wp\/v2\/pages\/1770\/revisions"}],"predecessor-version":[{"id":5984,"href":"https:\/\/kulturaskanons.lv\/de\/wp-json\/wp\/v2\/pages\/1770\/revisions\/5984"}],"wp:attachment":[{"href":"https:\/\/kulturaskanons.lv\/de\/wp-json\/wp\/v2\/media?parent=1770"}],"curies":[{"name":"wp","href":"https:\/\/api.w.org\/{rel}","templated":true}]}}