{"id":1768,"date":"2017-06-09T07:44:28","date_gmt":"2017-06-09T07:44:28","guid":{"rendered":"http:\/\/kulturaskanons.lv\/?page_id=1768"},"modified":"2024-09-02T10:14:40","modified_gmt":"2024-09-02T08:14:40","slug":"izglitibas-programma","status":"publish","type":"page","link":"https:\/\/kulturaskanons.lv\/de\/izglitibas-programma\/","title":{"rendered":"Bildungsprogramm"},"content":{"rendered":"<p><figure id=\"attachment_4101\" aria-describedby=\"caption-attachment-4101\" style=\"width: 300px\" class=\"wp-caption alignright\"><a href=\"https:\/\/kulturaskanons.lv\/wp-content\/uploads\/2019\/09\/kulturas_kanona_radosas_darbnicas_foto_Kristians_Luhaers.jpg\"><img loading=\"lazy\" class=\"size-medium wp-image-4101\" src=\"https:\/\/kulturaskanons.lv\/wp-content\/uploads\/2019\/09\/kulturas_kanona_radosas_darbnicas_foto_Kristians_Luhaers-300x212.jpg\" alt=\"Foto: Kristians Luhaers\" width=\"300\" height=\"212\" srcset=\"https:\/\/kulturaskanons.lv\/wp-content\/uploads\/2019\/09\/kulturas_kanona_radosas_darbnicas_foto_Kristians_Luhaers-300x212.jpg 300w, https:\/\/kulturaskanons.lv\/wp-content\/uploads\/2019\/09\/kulturas_kanona_radosas_darbnicas_foto_Kristians_Luhaers-1024x724.jpg 1024w, https:\/\/kulturaskanons.lv\/wp-content\/uploads\/2019\/09\/kulturas_kanona_radosas_darbnicas_foto_Kristians_Luhaers.jpg 1200w\" sizes=\"(max-width: 300px) 100vw, 300px\" \/><\/a><figcaption id=\"caption-attachment-4101\" class=\"wp-caption-text\">Foto: Kristians Luhaers<\/figcaption><\/figure><\/p>\n<p>2013 wurde in der Nationalbibliothek Lettlands ein Bildungsprogramm \u00fcber den Kulturkanon gestartet. Es richtet sich auf die gr\u00fcndliche Erkundung der im Kulturkanon aufgenommenen Werte und ihre Beziehung zu anderen kulturellen Ereignissen in Lettland. Das Programm erm\u00f6glicht die Betrachtung der Werte aus verschiedenen Aspekten und fordert dazu auf, \u00fcber den Begriff und die Bedeutung des Wertes in unserem Leben nachzudenken.\u00a0 Durch die Teilnahme am Programm kann man sich dem lettischen Kulturraum zugeh\u00f6rig f\u00fchlen und besser verstehen, wie die lettische Geschichte und das lettische Kulturerbe unsere Gegenwart bestimmen und wie sie die aktuellen Ereignisse, Prozesse und Vorstellungen beeinflussen.<\/p>\n<p>Das Bildungsprogramm wird in Bibliotheken und Bildungsanstalten in ganz Lettland durch kreative Ausbildungstreffen mit verschiedenen Pers\u00f6nlichkeiten durchgef\u00fchrt. An diesen Veranstaltungen treffen die Sch\u00fcler Fachleute, die bestimmte Werte des Kulturkanons n\u00e4her ausf\u00fchren oder deren Werk Teil des Kulturkanons oder damit verbunden ist. Die im Rahmen des Bildungsprogramms erstellten Ausmalbl\u00e4tter k\u00f6nnen selbst\u00e4ndig oder im Unterricht verwendet werden.<\/p>\n<p>Bald stellen wir das Angebot der kreativen Werkstatten \u201eSieben Kisten des Kulturkanons\u201c vor, das f\u00fcr Veranstaltungen in ganz Lettland und in der Lettischen Nationalbibliothek interessant sein k\u00f6nnte.<\/p>\n<p>Das Programm wird vom Kultusministerium der Republik Lettland finanziell unterst\u00fctzt.<\/p>\n<blockquote><p><strong>Koordinatorin:<\/strong><strong><br \/>\n<\/strong>Anita Smeltere<br \/>\nE-Mail: <a href=\"mailto:anita.smeltere@lnb.lv\">anita.smeltere@lnb.lv<\/a><\/p><\/blockquote>\n<p><\/p>","protected":false},"excerpt":{"rendered":"<p>2013 wurde in der Nationalbibliothek Lettlands ein Bildungsprogramm \u00fcber den Kulturkanon gestartet. Es richtet sich auf die gr\u00fcndliche Erkundung der im Kulturkanon aufgenommenen Werte und ihre Beziehung zu anderen kulturellen Ereignissen in Lettland. Das Programm erm\u00f6glicht die Betrachtung der Werte aus verschiedenen Aspekten und fordert dazu auf, \u00fcber den Begriff und die Bedeutung des Wertes [&hellip;]<\/p>\n","protected":false},"author":1,"featured_media":0,"parent":0,"menu_order":0,"comment_status":"open","ping_status":"open","template":"default-page.php","meta":[],"_links":{"self":[{"href":"https:\/\/kulturaskanons.lv\/de\/wp-json\/wp\/v2\/pages\/1768"}],"collection":[{"href":"https:\/\/kulturaskanons.lv\/de\/wp-json\/wp\/v2\/pages"}],"about":[{"href":"https:\/\/kulturaskanons.lv\/de\/wp-json\/wp\/v2\/types\/page"}],"author":[{"embeddable":true,"href":"https:\/\/kulturaskanons.lv\/de\/wp-json\/wp\/v2\/users\/1"}],"replies":[{"embeddable":true,"href":"https:\/\/kulturaskanons.lv\/de\/wp-json\/wp\/v2\/comments?post=1768"}],"version-history":[{"count":74,"href":"https:\/\/kulturaskanons.lv\/de\/wp-json\/wp\/v2\/pages\/1768\/revisions"}],"predecessor-version":[{"id":5643,"href":"https:\/\/kulturaskanons.lv\/de\/wp-json\/wp\/v2\/pages\/1768\/revisions\/5643"}],"wp:attachment":[{"href":"https:\/\/kulturaskanons.lv\/de\/wp-json\/wp\/v2\/media?parent=1768"}],"curies":[{"name":"wp","href":"https:\/\/api.w.org\/{rel}","templated":true}]}}