{"id":1764,"date":"2017-06-09T07:42:37","date_gmt":"2017-06-09T07:42:37","guid":{"rendered":"http:\/\/kulturaskanons.lv\/?page_id=1764"},"modified":"2026-01-27T14:11:23","modified_gmt":"2026-01-27T12:11:23","slug":"latvijas-skolas-soma","status":"publish","type":"page","link":"https:\/\/kulturaskanons.lv\/de\/latvijas-skolas-soma\/","title":{"rendered":"Das Kulturprojekt in Schulen &#8222;Lettische Schultasche&#8220;"},"content":{"rendered":"<p>Das Programm &#8222;Lettische Schultasche&#8220; ist ein Geschenk der Hundertjahrfeier Lettlands an mehr als 200.000 Sch\u00fcler und Jugendliche in ganz Lettland. Seit September 2018 hat jeder Sch\u00fcler in Lettland die M\u00f6glichkeit, selbst die lettischen Kultur- und Naturwerte zu erleben und Erfolgsgeschichten lettischer Innovationen und Unternehmerschaft verschiedener Epochen zu erfahren.<\/p>\n<p>Der Kulturkanon spielt in diesem Projekt eine wichtige Rolle: Er gilt als eine Orientierung daf\u00fcr, womit man die Erkundung Lettlands beginnen sollte, und hebt dabei die Vielschichtigkeit unserer Werte hervor. Der Kulturkanon stellt ein Fundament dar, das uns als Individuen und Mitgliedern der Gesellschaft hilft, in den n\u00e4chsten hundert Jahren zu wachsen und diese Zeit selbst zu gestalten, statt passive Zuschauer zu sein. Das Programm der Hundertjahrfeier Lettlands fordert zum fr\u00f6hlichen Feiern. Daher m\u00fcssen wir auch fr\u00f6hlich arbeiten und lernen. Dazu dient die Erkundung lettischer Kulturwerte in neuer, zeitgen\u00f6ssischer Weise.<\/p>\n<p>Der Kanon ist der wundervolle Ort, wo gleichzeitig u.a. Gem\u00e4lde von Purv\u012btis, die Rigaer Pantomime, Musikst\u00fccke von L\u016bcija Gar\u016bta und\u00a0 Em\u012bls D\u0101rzi\u0146\u0161, Das Moped &#8222;R\u012bga&#8220;, Roggenbrot, bekannte Zitate aus dem Film &#8222;Limousine in der Farbe der Wei\u00dfen Nacht&#8220; und viele andere Werte auftreten, die wir f\u00fcr wichtig halten und die Lettland definieren. Das muss auch in der Zukunft bestehen. Man muss dar\u00fcber erz\u00e4hlen und das erleben, und zwar in zeitgem\u00e4\u00dfer, spannender und lebendiger Weise.<\/p>\n<h3 style=\"text-align: left;\"><strong><a href=\"https:\/\/www.km.gov.lv\/lv\/kultura\/kultura-timekli\/projekti\/kulturas-norises-berniem-un-jauniesiem\/aicinam-iepazities-ar-kulturas-pasakumu-piedavajumu\" target=\"_blank\" rel=\"noopener\">Klick hier, um das Angebot von Kulturveranstaltungen zu sehen. Alle mit dem Kulturkanon verbundene Veranstaltungen sind mit einem Sternchen* markiert!<\/a><\/strong><\/h3>\n<blockquote>\n<p style=\"text-align: left;\"><strong>Infos:<\/strong><strong><br \/>\n<\/strong>Aija T\u016bna<br \/>\nLeiterin des Projektes \u201eLettische Schultasche\u201c<br \/>\nLeiterin des Bildungs- und Jugendprojektes am B\u00fcro der Hundertjahrfeier Lettlands<br \/>\nE-Mail: <a href=\"mailto:Aija.Tuna@km.gov.lv\">Aija.Tuna@km.gov.lv<\/a><br \/>\n<a href=\"http:\/\/www.lv100.lv\" target=\"_blank\" rel=\"noopener\">www.lv100.lv<\/a><\/p>\n<\/blockquote>\n<p><\/p>","protected":false},"excerpt":{"rendered":"<p>Das Programm &#8222;Lettische Schultasche&#8220; ist ein Geschenk der Hundertjahrfeier Lettlands an mehr als 200.000 Sch\u00fcler und Jugendliche in ganz Lettland. Seit September 2018 hat jeder Sch\u00fcler in Lettland die M\u00f6glichkeit, selbst die lettischen Kultur- und Naturwerte zu erleben und Erfolgsgeschichten lettischer Innovationen und Unternehmerschaft verschiedener Epochen zu erfahren. Der Kulturkanon spielt in diesem Projekt eine [&hellip;]<\/p>\n","protected":false},"author":1,"featured_media":0,"parent":0,"menu_order":0,"comment_status":"open","ping_status":"open","template":"default-page.php","meta":[],"_links":{"self":[{"href":"https:\/\/kulturaskanons.lv\/de\/wp-json\/wp\/v2\/pages\/1764"}],"collection":[{"href":"https:\/\/kulturaskanons.lv\/de\/wp-json\/wp\/v2\/pages"}],"about":[{"href":"https:\/\/kulturaskanons.lv\/de\/wp-json\/wp\/v2\/types\/page"}],"author":[{"embeddable":true,"href":"https:\/\/kulturaskanons.lv\/de\/wp-json\/wp\/v2\/users\/1"}],"replies":[{"embeddable":true,"href":"https:\/\/kulturaskanons.lv\/de\/wp-json\/wp\/v2\/comments?post=1764"}],"version-history":[{"count":54,"href":"https:\/\/kulturaskanons.lv\/de\/wp-json\/wp\/v2\/pages\/1764\/revisions"}],"predecessor-version":[{"id":5961,"href":"https:\/\/kulturaskanons.lv\/de\/wp-json\/wp\/v2\/pages\/1764\/revisions\/5961"}],"wp:attachment":[{"href":"https:\/\/kulturaskanons.lv\/de\/wp-json\/wp\/v2\/media?parent=1764"}],"curies":[{"name":"wp","href":"https:\/\/api.w.org\/{rel}","templated":true}]}}