{"id":1760,"date":"2017-06-09T07:34:00","date_gmt":"2017-06-09T07:34:00","guid":{"rendered":"http:\/\/kulturaskanons.lv\/?page_id=1760"},"modified":"2023-12-12T12:07:47","modified_gmt":"2023-12-12T10:07:47","slug":"piedalies","status":"publish","type":"page","link":"https:\/\/kulturaskanons.lv\/de\/piedalies\/","title":{"rendered":"Mach mit!"},"content":{"rendered":"<p>Unter den\u00a0Werten des Kulturkanon kann jeder von uns Elemente finden, die unser Zugeh\u00f6rigkeitsgef\u00fchl und unsere Identit\u00e4t st\u00e4rken. Jeder kann unter den Werten mindestens drei, f\u00fcnf oder sogar zehn finden, deren Rolle im Kulturkanon er unbedingt zustimmen w\u00fcrde. Daher stellt dieser Kanon einen Ber\u00fchrungspunkt zwischen unseren individuellen und unterschiedlichen Gef\u00fchlen und Kanonen dar, der uns zusammenh\u00e4lt.<\/p>\n<p>Durch die Einf\u00fchrung der im Kulturkanon aufgenommenen Werte im Schulunterricht, in Bibliotheken, schulischen Aktivit\u00e4ten und verschiedenen Veranstaltungen bekommen wir neue Kenntnisse und Gef\u00fchle von Wertvollem in Lettland und stellen erneut die Vielsichtigkeit, Gr\u00f6\u00dfe und Tiefe der lettischen Kultur fest.<\/p>\n<p>Lerne den Lettischen Kulturkanon kennen \u2013 komm in <a href=\"https:\/\/www.lnb.lv\/\" target=\"_blank\" rel=\"noopener\">die Nationalbibliothek Lettlands<\/a>\u00a0(den Lichtschloss) zu einem Kennenlernspiel \u00fcber die lettischen Kulturwerte! Besuche <a href=\"https:\/\/kulturaskanons.lv\/de\/izglitibas-programma\/\">die kreativen Werkstatten<\/a> in Schulen und Bibliotheken! Mach beim <a href=\"https:\/\/kulturaskanons.lv\/de\/kulturas-kanona-konkurss\/\">Kulturkanonwettbewerb<\/a> der Lettischen Kulturakademie oder dem Kulturprojekt in Schulen <a href=\"https:\/\/kulturaskanons.lv\/de\/latvijas-skolas-soma\/\">&#8222;Lettische Schultasche&#8220;<\/a> mit! Oder <a href=\"https:\/\/kulturaskanons.lv\/de\/ieteikt-vertibu\/\">schlag einen Kulturwert von<\/a>, der noch im Lettischen Kulturkanon fehlt!<\/p>","protected":false},"excerpt":{"rendered":"<p>Unter den\u00a0Werten des Kulturkanon kann jeder von uns Elemente finden, die unser Zugeh\u00f6rigkeitsgef\u00fchl und unsere Identit\u00e4t st\u00e4rken. Jeder kann unter den Werten mindestens drei, f\u00fcnf oder sogar zehn finden, deren Rolle im Kulturkanon er unbedingt zustimmen w\u00fcrde. Daher stellt dieser Kanon einen Ber\u00fchrungspunkt zwischen unseren individuellen und unterschiedlichen Gef\u00fchlen und Kanonen dar, der uns zusammenh\u00e4lt. [&hellip;]<\/p>\n","protected":false},"author":1,"featured_media":0,"parent":0,"menu_order":0,"comment_status":"open","ping_status":"open","template":"default-page.php","meta":[],"_links":{"self":[{"href":"https:\/\/kulturaskanons.lv\/de\/wp-json\/wp\/v2\/pages\/1760"}],"collection":[{"href":"https:\/\/kulturaskanons.lv\/de\/wp-json\/wp\/v2\/pages"}],"about":[{"href":"https:\/\/kulturaskanons.lv\/de\/wp-json\/wp\/v2\/types\/page"}],"author":[{"embeddable":true,"href":"https:\/\/kulturaskanons.lv\/de\/wp-json\/wp\/v2\/users\/1"}],"replies":[{"embeddable":true,"href":"https:\/\/kulturaskanons.lv\/de\/wp-json\/wp\/v2\/comments?post=1760"}],"version-history":[{"count":10,"href":"https:\/\/kulturaskanons.lv\/de\/wp-json\/wp\/v2\/pages\/1760\/revisions"}],"predecessor-version":[{"id":5459,"href":"https:\/\/kulturaskanons.lv\/de\/wp-json\/wp\/v2\/pages\/1760\/revisions\/5459"}],"wp:attachment":[{"href":"https:\/\/kulturaskanons.lv\/de\/wp-json\/wp\/v2\/media?parent=1760"}],"curies":[{"name":"wp","href":"https:\/\/api.w.org\/{rel}","templated":true}]}}